{"id":3023,"date":"2025-09-16T11:54:50","date_gmt":"2025-09-16T09:54:50","guid":{"rendered":"https:\/\/www.globalremoteservices.com\/?page_id=3023"},"modified":"2025-09-23T12:43:20","modified_gmt":"2025-09-23T10:43:20","slug":"hq-tour","status":"publish","type":"page","link":"https:\/\/www.globalremoteservices.com\/de\/hq-tour\/","title":{"rendered":"GRS hat die T\u00fcren zu seiner neuen Zentrale im Norden von Bukarest ge\u00f6ffnet"},"content":{"rendered":"\n<h3 class=\"wp-block-heading\">Mit dem mutigen Schritt in einen modernen, inspirierenden Raum bekr\u00e4ftigt GRS sein Engagement f\u00fcr Innovation, Wachstum und herausragende Leistungen f\u00fcr Kunden und Partner.<\/h3>\n\n\n\n<p>Gro\u00dfe Neuigkeiten: Global Remote Services hat ein brandneues B\u00fcro im pulsierenden Norden von Bukarest!<br><br>Dieser Umzug ist mehr als nur ein Adresswechsel \u2014 er markiert einen entschlossenen Schritt nach vorn. Der moderne, dynamische Raum wurde entworfen, um Zusammenarbeit zu f\u00f6rdern, Kreativit\u00e4t zu befl\u00fcgeln und die Mission des Unternehmens zu unterst\u00fctzen, erstklassige Dienstleistungen f\u00fcr jeden Kunden und Partner zu liefern.<br><br>Hier treffen Innovation und Wachstum aufeinander. Jedes Detail der neuen Zentrale spiegelt wider, wof\u00fcr GRS heute steht \u2014 ein zukunftsorientiertes Unternehmen, das sich st\u00e4ndig weiterentwickelt und stets danach strebt, Erwartungen zu \u00fcbertreffen.<br><br>Treten Sie ein und entdecken Sie die Zukunft von GRS: ein Arbeitsplatz, der f\u00fcr Leistung, kontinuierliche Entwicklung und bedeutungsvolle Verbindungen geschaffen wurde.<br><br>Sehen Sie sich das Video f\u00fcr einen exklusiven Einblick in die neue Zentrale an \u2014 und feiern Sie gemeinsam mit GRS dieses aufregende neue Kapitel!<\/p>\n\n\n\n<p><\/p>\n\n\n\n<figure class=\"wp-block-video aligncenter\"><video controls src=\"https:\/\/www.globalremoteservices.com\/wp-content\/uploads\/2025\/09\/GRS-4k-170425.mp4\"><\/video><\/figure>\n","protected":false},"excerpt":{"rendered":"<p>Mit dem mutigen Schritt in einen modernen, inspirierenden Raum bekr\u00e4ftigt GRS sein Engagement f\u00fcr Innovation, Wachstum und herausragende Leistungen f\u00fcr Kunden und Partner. Gro\u00dfe Neuigkeiten: Global Remote Services hat ein brandneues B\u00fcro im pulsierenden Norden von Bukarest! Dieser Umzug ist mehr als nur ein Adresswechsel \u2014 er markiert einen entschlossenen Schritt nach vorn. Der moderne, [&hellip;]<\/p>\n","protected":false},"author":5,"featured_media":0,"parent":0,"menu_order":6,"comment_status":"closed","ping_status":"closed","template":"content-page.php","meta":{"_acf_changed":false,"footnotes":""},"class_list":["post-3023","page","type-page","status-publish","hentry"],"acf":[],"_links":{"self":[{"href":"https:\/\/www.globalremoteservices.com\/de\/wp-json\/wp\/v2\/pages\/3023","targetHints":{"allow":["GET"]}}],"collection":[{"href":"https:\/\/www.globalremoteservices.com\/de\/wp-json\/wp\/v2\/pages"}],"about":[{"href":"https:\/\/www.globalremoteservices.com\/de\/wp-json\/wp\/v2\/types\/page"}],"author":[{"embeddable":true,"href":"https:\/\/www.globalremoteservices.com\/de\/wp-json\/wp\/v2\/users\/5"}],"replies":[{"embeddable":true,"href":"https:\/\/www.globalremoteservices.com\/de\/wp-json\/wp\/v2\/comments?post=3023"}],"version-history":[{"count":4,"href":"https:\/\/www.globalremoteservices.com\/de\/wp-json\/wp\/v2\/pages\/3023\/revisions"}],"predecessor-version":[{"id":3288,"href":"https:\/\/www.globalremoteservices.com\/de\/wp-json\/wp\/v2\/pages\/3023\/revisions\/3288"}],"wp:attachment":[{"href":"https:\/\/www.globalremoteservices.com\/de\/wp-json\/wp\/v2\/media?parent=3023"}],"curies":[{"name":"wp","href":"https:\/\/api.w.org\/{rel}","templated":true}]}}