{"id":3024,"date":"2025-09-16T11:54:50","date_gmt":"2025-09-16T09:54:50","guid":{"rendered":"https:\/\/www.globalremoteservices.com\/?page_id=3024"},"modified":"2025-09-23T12:44:13","modified_gmt":"2025-09-23T10:44:13","slug":"hq-tour","status":"publish","type":"page","link":"https:\/\/www.globalremoteservices.com\/fr\/hq-tour\/","title":{"rendered":"GRS a ouvert les portes de son nouveau si\u00e8ge au nord de Bucarest"},"content":{"rendered":"\n<h3 class=\"wp-block-heading\">Avec un pas audacieux vers un espace moderne et inspirant, GRS r\u00e9affirme son engagement envers l\u2019innovation, la croissance et l\u2019excellence au service de ses clients et partenaires.<\/h3>\n\n\n\n<p>Grande nouvelle : Global Remote Services dispose d\u00e9sormais d\u2019un nouveau bureau dans le quartier anim\u00e9 du nord de Bucarest !<br><br>Ce d\u00e9m\u00e9nagement n\u2019est pas seulement un changement d\u2019adresse \u2014 il marque une \u00e9tape importante. L\u2019espace moderne et dynamique a \u00e9t\u00e9 con\u00e7u pour inspirer la collaboration, stimuler la cr\u00e9ativit\u00e9 et soutenir la mission de l\u2019entreprise : offrir des services de la plus haute qualit\u00e9 \u00e0 chaque client et partenaire.<br><br>Ici, l\u2019innovation rencontre la croissance. Chaque d\u00e9tail du nouveau si\u00e8ge refl\u00e8te ce que repr\u00e9sente GRS aujourd\u2019hui \u2014 une entreprise tourn\u00e9e vers l\u2019avenir, en constante \u00e9volution et toujours pr\u00eate \u00e0 d\u00e9passer les attentes.<br><br>Entrez et d\u00e9couvrez l\u2019avenir de GRS : un espace de travail con\u00e7u pour la performance, le d\u00e9veloppement continu et des connexions durables.<br><br>Regardez la vid\u00e9o pour un aper\u00e7u exclusif du nouveau si\u00e8ge \u2014 et rejoignez GRS dans la c\u00e9l\u00e9bration de ce nouveau chapitre passionnant!<\/p>\n\n\n\n<p><\/p>\n\n\n\n<figure class=\"wp-block-video aligncenter\"><video controls src=\"https:\/\/www.globalremoteservices.com\/wp-content\/uploads\/2025\/09\/GRS-4k-170425.mp4\"><\/video><\/figure>\n","protected":false},"excerpt":{"rendered":"<p>Avec un pas audacieux vers un espace moderne et inspirant, GRS r\u00e9affirme son engagement envers l\u2019innovation, la croissance et l\u2019excellence au service de ses clients et partenaires. Grande nouvelle : Global Remote Services dispose d\u00e9sormais d\u2019un nouveau bureau dans le quartier anim\u00e9 du nord de Bucarest ! Ce d\u00e9m\u00e9nagement n\u2019est pas seulement un changement d\u2019adresse [&hellip;]<\/p>\n","protected":false},"author":5,"featured_media":0,"parent":0,"menu_order":6,"comment_status":"closed","ping_status":"closed","template":"content-page.php","meta":{"_acf_changed":false,"footnotes":""},"class_list":["post-3024","page","type-page","status-publish","hentry"],"acf":[],"_links":{"self":[{"href":"https:\/\/www.globalremoteservices.com\/fr\/wp-json\/wp\/v2\/pages\/3024","targetHints":{"allow":["GET"]}}],"collection":[{"href":"https:\/\/www.globalremoteservices.com\/fr\/wp-json\/wp\/v2\/pages"}],"about":[{"href":"https:\/\/www.globalremoteservices.com\/fr\/wp-json\/wp\/v2\/types\/page"}],"author":[{"embeddable":true,"href":"https:\/\/www.globalremoteservices.com\/fr\/wp-json\/wp\/v2\/users\/5"}],"replies":[{"embeddable":true,"href":"https:\/\/www.globalremoteservices.com\/fr\/wp-json\/wp\/v2\/comments?post=3024"}],"version-history":[{"count":4,"href":"https:\/\/www.globalremoteservices.com\/fr\/wp-json\/wp\/v2\/pages\/3024\/revisions"}],"predecessor-version":[{"id":3287,"href":"https:\/\/www.globalremoteservices.com\/fr\/wp-json\/wp\/v2\/pages\/3024\/revisions\/3287"}],"wp:attachment":[{"href":"https:\/\/www.globalremoteservices.com\/fr\/wp-json\/wp\/v2\/media?parent=3024"}],"curies":[{"name":"wp","href":"https:\/\/api.w.org\/{rel}","templated":true}]}}