{"id":3708,"date":"2025-10-29T16:04:42","date_gmt":"2025-10-29T15:04:42","guid":{"rendered":"https:\/\/www.globalremoteservices.com\/?page_id=3708"},"modified":"2025-10-31T17:37:32","modified_gmt":"2025-10-31T16:37:32","slug":"delegation-de-la-gestion-des-debordements","status":"publish","type":"page","link":"https:\/\/www.globalremoteservices.com\/fr\/customer-experience-services\/services-de-sante\/delegation-de-la-gestion-des-debordements\/","title":{"rendered":"D\u00e9l\u00e9gation de la gestion des d\u00e9bordements"},"content":{"rendered":"","protected":false},"excerpt":{"rendered":"","protected":false},"author":14,"featured_media":0,"parent":3856,"menu_order":32,"comment_status":"closed","ping_status":"closed","template":"","meta":{"_acf_changed":false,"content-type":"","footnotes":""},"class_list":["post-3708","page","type-page","status-publish","hentry"],"acf":[],"_links":{"self":[{"href":"https:\/\/www.globalremoteservices.com\/fr\/wp-json\/wp\/v2\/pages\/3708","targetHints":{"allow":["GET"]}}],"collection":[{"href":"https:\/\/www.globalremoteservices.com\/fr\/wp-json\/wp\/v2\/pages"}],"about":[{"href":"https:\/\/www.globalremoteservices.com\/fr\/wp-json\/wp\/v2\/types\/page"}],"author":[{"embeddable":true,"href":"https:\/\/www.globalremoteservices.com\/fr\/wp-json\/wp\/v2\/users\/14"}],"replies":[{"embeddable":true,"href":"https:\/\/www.globalremoteservices.com\/fr\/wp-json\/wp\/v2\/comments?post=3708"}],"version-history":[{"count":2,"href":"https:\/\/www.globalremoteservices.com\/fr\/wp-json\/wp\/v2\/pages\/3708\/revisions"}],"predecessor-version":[{"id":3824,"href":"https:\/\/www.globalremoteservices.com\/fr\/wp-json\/wp\/v2\/pages\/3708\/revisions\/3824"}],"up":[{"embeddable":true,"href":"https:\/\/www.globalremoteservices.com\/fr\/wp-json\/wp\/v2\/pages\/3856"}],"wp:attachment":[{"href":"https:\/\/www.globalremoteservices.com\/fr\/wp-json\/wp\/v2\/media?parent=3708"}],"curies":[{"name":"wp","href":"https:\/\/api.w.org\/{rel}","templated":true}]}}