{"id":3026,"date":"2025-09-16T11:54:50","date_gmt":"2025-09-16T09:54:50","guid":{"rendered":"https:\/\/www.globalremoteservices.com\/?page_id=3026"},"modified":"2025-09-23T12:42:38","modified_gmt":"2025-09-23T10:42:38","slug":"hq-tour","status":"publish","type":"page","link":"https:\/\/www.globalremoteservices.com\/ro\/hq-tour\/","title":{"rendered":"GRS \u0219i-a deschis noile birouri \u00een zona de nord a Bucure\u0219tiului"},"content":{"rendered":"\n<h3 class=\"wp-block-heading\">Prin mutarea \u00eentr-un spa\u021biu modern \u0219i inspira\u021bional, GRS \u00ee\u0219i reafirm\u0103 angajamentul fa\u021b\u0103 de inova\u021bie, cre\u0219tere \u0219i excelen\u021b\u0103 \u00een serviciile oferite clien\u021bilor \u0219i partenerilor.<\/h3>\n\n\n\n<p>Big news: Global Remote Services are un nou sediu \u00een zona de nord, vibrant\u0103, a Bucure\u0219tiului!<br><br>Aceast\u0103 relocare nu este doar o schimbare de adres\u0103 \u2014 reprezint\u0103 un pas curajos \u00eenainte. Spa\u021biul modern \u0219i dinamic a fost conceput pentru a inspira colaborarea, a stimula creativitatea \u0219i a sus\u021bine misiunea companiei de a oferi servicii de cea mai \u00eenalt\u0103 calitate fiec\u0103rui client \u0219i partener.<br><br>Aici, inova\u021bia se \u00eent\u00e2lne\u0219te cu dezvoltarea. Fiecare detaliu al noilor birouri reflect\u0103 ceea ce reprezint\u0103 GRS ast\u0103zi \u2014 o companie cu viziune, mereu \u00een evolu\u021bie \u0219i determinat\u0103 s\u0103 dep\u0103\u0219easc\u0103 a\u0219tept\u0103rile.<br><br>P\u0103\u0219e\u0219te \u00een interior \u0219i descoper\u0103 viitorul GRS: un spa\u021biu de lucru construit pentru performan\u021b\u0103, dezvoltare continu\u0103 \u0219i conexiuni autentice.<br><br>Urm\u0103re\u0219te videoclipul pentru o privire exclusiv\u0103 asupra noilor birouri \u2014 \u0219i al\u0103tur\u0103-te GRS \u00een s\u0103rb\u0103torirea acestui nou \u0219i entuziasmant capitol!<\/p>\n\n\n\n<p><\/p>\n\n\n\n<figure class=\"wp-block-video aligncenter\"><video controls src=\"https:\/\/www.globalremoteservices.com\/wp-content\/uploads\/2025\/09\/GRS-4k-170425.mp4\"><\/video><\/figure>\n","protected":false},"excerpt":{"rendered":"<p>Prin mutarea \u00eentr-un spa\u021biu modern \u0219i inspira\u021bional, GRS \u00ee\u0219i reafirm\u0103 angajamentul fa\u021b\u0103 de inova\u021bie, cre\u0219tere \u0219i excelen\u021b\u0103 \u00een serviciile oferite clien\u021bilor \u0219i partenerilor. Big news: Global Remote Services are un nou sediu \u00een zona de nord, vibrant\u0103, a Bucure\u0219tiului! Aceast\u0103 relocare nu este doar o schimbare de adres\u0103 \u2014 reprezint\u0103 un pas curajos \u00eenainte. Spa\u021biul [&hellip;]<\/p>\n","protected":false},"author":5,"featured_media":0,"parent":0,"menu_order":7,"comment_status":"closed","ping_status":"closed","template":"content-page.php","meta":{"_acf_changed":false,"footnotes":""},"class_list":["post-3026","page","type-page","status-publish","hentry"],"acf":[],"_links":{"self":[{"href":"https:\/\/www.globalremoteservices.com\/ro\/wp-json\/wp\/v2\/pages\/3026","targetHints":{"allow":["GET"]}}],"collection":[{"href":"https:\/\/www.globalremoteservices.com\/ro\/wp-json\/wp\/v2\/pages"}],"about":[{"href":"https:\/\/www.globalremoteservices.com\/ro\/wp-json\/wp\/v2\/types\/page"}],"author":[{"embeddable":true,"href":"https:\/\/www.globalremoteservices.com\/ro\/wp-json\/wp\/v2\/users\/5"}],"replies":[{"embeddable":true,"href":"https:\/\/www.globalremoteservices.com\/ro\/wp-json\/wp\/v2\/comments?post=3026"}],"version-history":[{"count":4,"href":"https:\/\/www.globalremoteservices.com\/ro\/wp-json\/wp\/v2\/pages\/3026\/revisions"}],"predecessor-version":[{"id":3289,"href":"https:\/\/www.globalremoteservices.com\/ro\/wp-json\/wp\/v2\/pages\/3026\/revisions\/3289"}],"wp:attachment":[{"href":"https:\/\/www.globalremoteservices.com\/ro\/wp-json\/wp\/v2\/media?parent=3026"}],"curies":[{"name":"wp","href":"https:\/\/api.w.org\/{rel}","templated":true}]}}